{"id":1107,"date":"2023-08-22T12:12:36","date_gmt":"2023-08-22T12:12:36","guid":{"rendered":"http:\/\/tsservices.richardbarberwebdevelopment4.co.uk\/?page_id=1107"},"modified":"2026-02-02T09:44:41","modified_gmt":"2026-02-02T09:44:41","slug":"certified-translation-services","status":"publish","type":"page","link":"https:\/\/ts-services.co.uk\/fr\/certified-translation-services\/","title":{"rendered":"Services de traductions pour les particuliers et les familles"},"content":{"rendered":"<p>Vous devez effectuer une t\u00e2che personnelle ou administrative ? Translation &amp; Secretarial Services peut vous aider ! Nous aidons r\u00e9guli\u00e8rement des personnes et des familles \u00e0 accomplir diff\u00e9rentes t\u00e2ches en leur fournissant des traductions pr\u00e9cises et certifi\u00e9es conformes.<\/p>\n<p class=\" translation-block\">Bien que nous proposions <strong>une multitude de combinaisons linguistiques<\/strong>, nous sommes sp\u00e9cialis\u00e9s dans les traductions du <strong>fran\u00e7ais vers l\u2019anglais et de l\u2019anglais vers le fran\u00e7ais.<\/strong><\/p>\n<p>Vous devez prouver l'origine de vos fonds pour une transaction immobili\u00e8re ? Ou peut-\u00eatre vous mariez-vous \u00e0 l'\u00e9tranger ? Laissez-nous vous aider \u00e0 acc\u00e9l\u00e9rer le processus gr\u00e2ce \u00e0 nos traductions pr\u00e9cises.  <strong>Nos traductions certifi\u00e9es conformes sont r\u00e9guli\u00e8rement accept\u00e9es<\/strong> par le minist\u00e8re de l'int\u00e9rieur (Home Office), les banques, les agents immobiliers agr\u00e9es (conveyancers), les avocats, les notaires, les employeurs, les compagnies d'assurance, etc., ce qui vous permet d'avancer dans vos transactions et vos d\u00e9marches administratives.<\/p>\n<p>Vous avez subi une urgence m\u00e9dicale \u00e0 l'\u00e9tranger pendant vos vacances ? Ou bien vous vivez et travaillez dans deux pays diff\u00e9rents ? Translation &amp; Secretarial Services peut vous aider \u00e0 communiquer avec vos m\u00e9decins et le NHS en fournissant des traductions pr\u00e9cises de rapports m\u00e9dicaux.<\/p>\n<p><img loading=\"lazy\" decoding=\"async\" class=\"alignnone size-medium wp-image-1101\" src=\"http:\/\/ts-services.co.uk\/wp-content\/uploads\/2023\/07\/Social-Media-Profiles-02-300x300.png\" alt=\"\" width=\"300\" height=\"300\" srcset=\"https:\/\/ts-services.co.uk\/wp-content\/uploads\/2023\/07\/Social-Media-Profiles-02-300x300.png 300w, https:\/\/ts-services.co.uk\/wp-content\/uploads\/2023\/07\/Social-Media-Profiles-02-1024x1024.png 1024w, https:\/\/ts-services.co.uk\/wp-content\/uploads\/2023\/07\/Social-Media-Profiles-02-150x150.png 150w, https:\/\/ts-services.co.uk\/wp-content\/uploads\/2023\/07\/Social-Media-Profiles-02-768x768.png 768w, https:\/\/ts-services.co.uk\/wp-content\/uploads\/2023\/07\/Social-Media-Profiles-02-12x12.png 12w, https:\/\/ts-services.co.uk\/wp-content\/uploads\/2023\/07\/Social-Media-Profiles-02.png 1200w\" sizes=\"auto, (max-width: 300px) 100vw, 300px\" \/><\/p>\n<p>&nbsp;<\/p>\n<p><strong>Pour les particuliers et les familles, nous traduisons entre autres :<\/strong><\/p>\n<p>\u2013\tDipl\u00f4mes, actes et certificats (naissance, mariage, d\u00e9c\u00e8s, etc.)<br \/>\n\u2013\tTraductions certifi\u00e9es conformes pour le Home Office, les banques, les tribunaux, etc.<br \/>\n- Traductions officielles<br \/>\n&#8211; Notarisation<br \/>\n\u2013\tPi\u00e8ces d\u2019identit\u00e9, passeports, permis de conduire<br \/>\n\u2013 Extrait de casier judiciaire (bulletin N\u00b03)<br \/>\n\u2013     Contrats de mariage<br \/>\n\u2013\tDocuments juridiques<br \/>\n\u2013\tRapports m\u00e9dicaux<br \/>\n\u2013 Lettres<br \/>\n\u2013\t Et bien d\u2019autres documents !<\/p>\n<p>Ce ne sont l\u00e0 que quelques exemples de nos services. Si vous avez une question sur un autre sujet, n\u2019h\u00e9sitez pas \u00e0 la poser ! Nous vous aiderons volontiers. Pour un devis sans engagement ou un appel de d\u00e9couverte gratuit, contactez-nous au +44 (0)7954 693 561 ou remplissez les formulaires ci-dessous.<\/p>\n<p><strong>Les avantages d\u2019une traduction professionnelle :<\/strong><\/p>\n<p>\u2022\tAccomplir vos t\u00e2ches personnelles avec succ\u00e8s<br \/>\n\u2022\tDisposer de certificats et dipl\u00f4mes avec une mise en page professionnelle<br \/>\n\u2022\tAcc\u00e9l\u00e9rer les proc\u00e9dures de demande de passeport et de visa<br \/>\n\u2022\tComprendre ce que vous signez<br \/>\n\u2022\t\u00c9viter des erreurs co\u00fbteuses dans vos documents<\/p>\n<p>Laissez-nous prendre soin de vos t\u00e2ches et de vos appels dans une langue \u00e9trang\u00e8re. Gr\u00e2ce \u00e0 notre aide professionnelle, vous gagnerez \u00e0 la fois du temps et de l\u2019argent. Nous nous chargeons de vos traductions et de vos t\u00e2ches administratives en vous d\u00e9lestant des ennuis qui y sont li\u00e9s !<\/p>\n<p><img loading=\"lazy\" decoding=\"async\" class=\"alignnone size-full wp-image-1164 aligncenter\" src=\"http:\/\/ts-services.co.uk\/wp-content\/uploads\/2023\/09\/Family-and-individuals-translation-Cheshire-1a.jpg\" alt=\"\" width=\"672\" height=\"451\" srcset=\"https:\/\/ts-services.co.uk\/wp-content\/uploads\/2023\/09\/Family-and-individuals-translation-Cheshire-1a.jpg 672w, https:\/\/ts-services.co.uk\/wp-content\/uploads\/2023\/09\/Family-and-individuals-translation-Cheshire-1a-300x201.jpg 300w, https:\/\/ts-services.co.uk\/wp-content\/uploads\/2023\/09\/Family-and-individuals-translation-Cheshire-1a-18x12.jpg 18w\" sizes=\"auto, (max-width: 672px) 100vw, 672px\" \/><\/p>\n<p style=\"text-align: center;\" class=\" translation-block\"><em>Traductions certifi\u00e9es et services de secr\u00e9tariat<\/em><\/p>","protected":false},"excerpt":{"rendered":"<p>Are you an individual who needs to complete a personal or administrative task? Translation &amp; Secretarial Services can assist you! We frequently help individuals and families to complete a wide range of tasks thanks to accurate and certified translations. We offer a variety of language combinations while specialising in French into English and English into&hellip;<\/p>","protected":false},"author":3,"featured_media":0,"parent":0,"menu_order":4,"comment_status":"closed","ping_status":"closed","template":"","meta":{"_acf_changed":false,"footnotes":""},"class_list":["post-1107","page","type-page","status-publish","hentry"],"acf":[],"yoast_head":"<!-- This site is optimized with the Yoast SEO plugin v26.6 - https:\/\/yoast.com\/wordpress\/plugins\/seo\/ -->\n<title>Translation Services for Individuals | Certified Translations<\/title>\n<meta name=\"description\" content=\"Are you an individual who needs to complete a personal or administrative task? Translation &amp; Secretarial Services can assist you! We frequently help individuals and families to complete a wide range of tasks thanks to accurate and certified translations.\" \/>\n<meta name=\"robots\" content=\"index, follow, max-snippet:-1, max-image-preview:large, max-video-preview:-1\" \/>\n<link rel=\"canonical\" href=\"https:\/\/ts-services.co.uk\/fr\/certified-translation-services\/\" \/>\n<meta property=\"og:locale\" content=\"fr_FR\" \/>\n<meta property=\"og:type\" content=\"article\" \/>\n<meta property=\"og:title\" content=\"Translation Services for Individuals | Certified Translations\" \/>\n<meta property=\"og:description\" content=\"Are you an individual who needs to complete a personal or administrative task? Translation &amp; Secretarial Services can assist you! We frequently help individuals and families to complete a wide range of tasks thanks to accurate and certified translations.\" \/>\n<meta property=\"og:url\" content=\"https:\/\/ts-services.co.uk\/fr\/certified-translation-services\/\" \/>\n<meta property=\"og:site_name\" content=\"T&amp;S Services\" \/>\n<meta property=\"article:publisher\" content=\"https:\/\/www.facebook.com\/translationandsecretarial\/\" \/>\n<meta property=\"article:modified_time\" content=\"2026-02-02T09:44:41+00:00\" \/>\n<meta property=\"og:image\" content=\"http:\/\/ts-services.co.uk\/wp-content\/uploads\/2023\/07\/Social-Media-Profiles-02-300x300.png\" \/>\n<meta name=\"twitter:card\" content=\"summary_large_image\" \/>\n<meta name=\"twitter:label1\" content=\"Dur\u00e9e de lecture estim\u00e9e\" \/>\n\t<meta name=\"twitter:data1\" content=\"2 minutes\" \/>\n<script type=\"application\/ld+json\" class=\"yoast-schema-graph\">{\"@context\":\"https:\/\/schema.org\",\"@graph\":[{\"@type\":\"WebPage\",\"@id\":\"https:\/\/ts-services.co.uk\/certified-translation-services\/\",\"url\":\"https:\/\/ts-services.co.uk\/certified-translation-services\/\",\"name\":\"Translation Services for Individuals | Certified Translations\",\"isPartOf\":{\"@id\":\"https:\/\/ts-services.co.uk\/#website\"},\"primaryImageOfPage\":{\"@id\":\"https:\/\/ts-services.co.uk\/certified-translation-services\/#primaryimage\"},\"image\":{\"@id\":\"https:\/\/ts-services.co.uk\/certified-translation-services\/#primaryimage\"},\"thumbnailUrl\":\"http:\/\/ts-services.co.uk\/wp-content\/uploads\/2023\/07\/Social-Media-Profiles-02-300x300.png\",\"datePublished\":\"2023-08-22T12:12:36+00:00\",\"dateModified\":\"2026-02-02T09:44:41+00:00\",\"description\":\"Are you an individual who needs to complete a personal or administrative task? Translation & Secretarial Services can assist you! We frequently help individuals and families to complete a wide range of tasks thanks to accurate and certified translations.\",\"breadcrumb\":{\"@id\":\"https:\/\/ts-services.co.uk\/certified-translation-services\/#breadcrumb\"},\"inLanguage\":\"fr-FR\",\"potentialAction\":[{\"@type\":\"ReadAction\",\"target\":[\"https:\/\/ts-services.co.uk\/certified-translation-services\/\"]}]},{\"@type\":\"ImageObject\",\"inLanguage\":\"fr-FR\",\"@id\":\"https:\/\/ts-services.co.uk\/certified-translation-services\/#primaryimage\",\"url\":\"http:\/\/ts-services.co.uk\/wp-content\/uploads\/2023\/07\/Social-Media-Profiles-02-300x300.png\",\"contentUrl\":\"http:\/\/ts-services.co.uk\/wp-content\/uploads\/2023\/07\/Social-Media-Profiles-02-300x300.png\"},{\"@type\":\"BreadcrumbList\",\"@id\":\"https:\/\/ts-services.co.uk\/certified-translation-services\/#breadcrumb\",\"itemListElement\":[{\"@type\":\"ListItem\",\"position\":1,\"name\":\"Home\",\"item\":\"https:\/\/ts-services.co.uk\/\"},{\"@type\":\"ListItem\",\"position\":2,\"name\":\"Translation Services for individuals and families\"}]},{\"@type\":\"WebSite\",\"@id\":\"https:\/\/ts-services.co.uk\/#website\",\"url\":\"https:\/\/ts-services.co.uk\/\",\"name\":\"Certified Translation & Secretarial Services\",\"description\":\"Professional French English Translation &amp; Secretarial Services\",\"publisher\":{\"@id\":\"https:\/\/ts-services.co.uk\/#organization\"},\"potentialAction\":[{\"@type\":\"SearchAction\",\"target\":{\"@type\":\"EntryPoint\",\"urlTemplate\":\"https:\/\/ts-services.co.uk\/?s={search_term_string}\"},\"query-input\":{\"@type\":\"PropertyValueSpecification\",\"valueRequired\":true,\"valueName\":\"search_term_string\"}}],\"inLanguage\":\"fr-FR\"},{\"@type\":\"Organization\",\"@id\":\"https:\/\/ts-services.co.uk\/#organization\",\"name\":\"Translation & Secretarial Services\",\"alternateName\":\"T&S Services\",\"url\":\"https:\/\/ts-services.co.uk\/\",\"logo\":{\"@type\":\"ImageObject\",\"inLanguage\":\"fr-FR\",\"@id\":\"https:\/\/ts-services.co.uk\/#\/schema\/logo\/image\/\",\"url\":\"https:\/\/ts-services.co.uk\/wp-content\/uploads\/2024\/10\/Certified-Translation-Secretarial-Services-logo-2.png\",\"contentUrl\":\"https:\/\/ts-services.co.uk\/wp-content\/uploads\/2024\/10\/Certified-Translation-Secretarial-Services-logo-2.png\",\"width\":512,\"height\":512,\"caption\":\"Translation & Secretarial Services\"},\"image\":{\"@id\":\"https:\/\/ts-services.co.uk\/#\/schema\/logo\/image\/\"},\"sameAs\":[\"https:\/\/www.facebook.com\/translationandsecretarial\/\",\"https:\/\/www.linkedin.com\/company\/35701923\",\"https:\/\/g.page\/r\/CRO-zzErifTBEAE\",\"https:\/\/www.esd.businessandtrade.gov.uk\/s4s\/CustomPage\/Index\/4?q=c46ccb95-0994-4cc4-9656-b1480109b78b\",\"https:\/\/www.cheshireprofessionals.co.uk\/company\/translation-secretarial-services\",\"https:\/\/www.ciol.org.uk\/member-check\/profile\/53532\/14314\",\"https:\/\/www.ciol.org.uk\/translator\/profile\/53532\/36\/9565\",\"https:\/\/directory.manchestereveningnews.co.uk\/company\/1530394279591936\",\"https:\/\/www.yell.com\/biz\/translation-and-secretarial-services-northwich-9981908\/\",\"https:\/\/www.proz.com\/translator\/113773\",\"https:\/\/www.linkedin.com\/in\/julie-barber-certified-french-translator-uk-80107390\/\",\"https:\/\/www.instagram.com\/officialtranslationsuk\/\",\"https:\/\/www.instagram.com\/Certifiedfrenchtranslatoruk\/\",\"https:\/\/www.facebook.com\/certifiedfrenchtranslatoruk\/\",\"https:\/\/find-and-update.company-information.service.gov.uk\/company\/16017801\",\"https:\/\/find-and-update.company-information.service.gov.uk\/company\/11375969\"]}]}<\/script>\n<!-- \/ Yoast SEO plugin. -->","yoast_head_json":{"title":"Translation Services for Individuals | Certified Translations","description":"Are you an individual who needs to complete a personal or administrative task? Translation & Secretarial Services can assist you! We frequently help individuals and families to complete a wide range of tasks thanks to accurate and certified translations.","robots":{"index":"index","follow":"follow","max-snippet":"max-snippet:-1","max-image-preview":"max-image-preview:large","max-video-preview":"max-video-preview:-1"},"canonical":"https:\/\/ts-services.co.uk\/fr\/certified-translation-services\/","og_locale":"fr_FR","og_type":"article","og_title":"Translation Services for Individuals | Certified Translations","og_description":"Are you an individual who needs to complete a personal or administrative task? Translation & Secretarial Services can assist you! We frequently help individuals and families to complete a wide range of tasks thanks to accurate and certified translations.","og_url":"https:\/\/ts-services.co.uk\/fr\/certified-translation-services\/","og_site_name":"T&amp;S Services","article_publisher":"https:\/\/www.facebook.com\/translationandsecretarial\/","article_modified_time":"2026-02-02T09:44:41+00:00","og_image":[{"url":"http:\/\/ts-services.co.uk\/wp-content\/uploads\/2023\/07\/Social-Media-Profiles-02-300x300.png","type":"","width":"","height":""}],"twitter_card":"summary_large_image","twitter_misc":{"Dur\u00e9e de lecture estim\u00e9e":"2 minutes"},"schema":{"@context":"https:\/\/schema.org","@graph":[{"@type":"WebPage","@id":"https:\/\/ts-services.co.uk\/certified-translation-services\/","url":"https:\/\/ts-services.co.uk\/certified-translation-services\/","name":"Translation Services for Individuals | Certified Translations","isPartOf":{"@id":"https:\/\/ts-services.co.uk\/#website"},"primaryImageOfPage":{"@id":"https:\/\/ts-services.co.uk\/certified-translation-services\/#primaryimage"},"image":{"@id":"https:\/\/ts-services.co.uk\/certified-translation-services\/#primaryimage"},"thumbnailUrl":"http:\/\/ts-services.co.uk\/wp-content\/uploads\/2023\/07\/Social-Media-Profiles-02-300x300.png","datePublished":"2023-08-22T12:12:36+00:00","dateModified":"2026-02-02T09:44:41+00:00","description":"Are you an individual who needs to complete a personal or administrative task? Translation & Secretarial Services can assist you! We frequently help individuals and families to complete a wide range of tasks thanks to accurate and certified translations.","breadcrumb":{"@id":"https:\/\/ts-services.co.uk\/certified-translation-services\/#breadcrumb"},"inLanguage":"fr-FR","potentialAction":[{"@type":"ReadAction","target":["https:\/\/ts-services.co.uk\/certified-translation-services\/"]}]},{"@type":"ImageObject","inLanguage":"fr-FR","@id":"https:\/\/ts-services.co.uk\/certified-translation-services\/#primaryimage","url":"http:\/\/ts-services.co.uk\/wp-content\/uploads\/2023\/07\/Social-Media-Profiles-02-300x300.png","contentUrl":"http:\/\/ts-services.co.uk\/wp-content\/uploads\/2023\/07\/Social-Media-Profiles-02-300x300.png"},{"@type":"BreadcrumbList","@id":"https:\/\/ts-services.co.uk\/certified-translation-services\/#breadcrumb","itemListElement":[{"@type":"ListItem","position":1,"name":"Home","item":"https:\/\/ts-services.co.uk\/"},{"@type":"ListItem","position":2,"name":"Translation Services for individuals and families"}]},{"@type":"WebSite","@id":"https:\/\/ts-services.co.uk\/#website","url":"https:\/\/ts-services.co.uk\/","name":"Traductions certifi\u00e9es et services de secr\u00e9tariat","description":"Professional French English Translation &amp; Secretarial Services","publisher":{"@id":"https:\/\/ts-services.co.uk\/#organization"},"potentialAction":[{"@type":"SearchAction","target":{"@type":"EntryPoint","urlTemplate":"https:\/\/ts-services.co.uk\/?s={search_term_string}"},"query-input":{"@type":"PropertyValueSpecification","valueRequired":true,"valueName":"search_term_string"}}],"inLanguage":"fr-FR"},{"@type":"Organization","@id":"https:\/\/ts-services.co.uk\/#organization","name":"Translation & Secretarial Services","alternateName":"T&S Services","url":"https:\/\/ts-services.co.uk\/","logo":{"@type":"ImageObject","inLanguage":"fr-FR","@id":"https:\/\/ts-services.co.uk\/#\/schema\/logo\/image\/","url":"https:\/\/ts-services.co.uk\/wp-content\/uploads\/2024\/10\/Certified-Translation-Secretarial-Services-logo-2.png","contentUrl":"https:\/\/ts-services.co.uk\/wp-content\/uploads\/2024\/10\/Certified-Translation-Secretarial-Services-logo-2.png","width":512,"height":512,"caption":"Translation & Secretarial Services"},"image":{"@id":"https:\/\/ts-services.co.uk\/#\/schema\/logo\/image\/"},"sameAs":["https:\/\/www.facebook.com\/translationandsecretarial\/","https:\/\/www.linkedin.com\/company\/35701923","https:\/\/g.page\/r\/CRO-zzErifTBEAE","https:\/\/www.esd.businessandtrade.gov.uk\/s4s\/CustomPage\/Index\/4?q=c46ccb95-0994-4cc4-9656-b1480109b78b","https:\/\/www.cheshireprofessionals.co.uk\/company\/translation-secretarial-services","https:\/\/www.ciol.org.uk\/member-check\/profile\/53532\/14314","https:\/\/www.ciol.org.uk\/translator\/profile\/53532\/36\/9565","https:\/\/directory.manchestereveningnews.co.uk\/company\/1530394279591936","https:\/\/www.yell.com\/biz\/translation-and-secretarial-services-northwich-9981908\/","https:\/\/www.proz.com\/translator\/113773","https:\/\/www.linkedin.com\/in\/julie-barber-certified-french-translator-uk-80107390\/","https:\/\/www.instagram.com\/officialtranslationsuk\/","https:\/\/www.instagram.com\/Certifiedfrenchtranslatoruk\/","https:\/\/www.facebook.com\/certifiedfrenchtranslatoruk\/","https:\/\/find-and-update.company-information.service.gov.uk\/company\/16017801","https:\/\/find-and-update.company-information.service.gov.uk\/company\/11375969"]}]}},"_links":{"self":[{"href":"https:\/\/ts-services.co.uk\/fr\/wp-json\/wp\/v2\/pages\/1107","targetHints":{"allow":["GET"]}}],"collection":[{"href":"https:\/\/ts-services.co.uk\/fr\/wp-json\/wp\/v2\/pages"}],"about":[{"href":"https:\/\/ts-services.co.uk\/fr\/wp-json\/wp\/v2\/types\/page"}],"author":[{"embeddable":true,"href":"https:\/\/ts-services.co.uk\/fr\/wp-json\/wp\/v2\/users\/3"}],"replies":[{"embeddable":true,"href":"https:\/\/ts-services.co.uk\/fr\/wp-json\/wp\/v2\/comments?post=1107"}],"version-history":[{"count":27,"href":"https:\/\/ts-services.co.uk\/fr\/wp-json\/wp\/v2\/pages\/1107\/revisions"}],"predecessor-version":[{"id":1400,"href":"https:\/\/ts-services.co.uk\/fr\/wp-json\/wp\/v2\/pages\/1107\/revisions\/1400"}],"wp:attachment":[{"href":"https:\/\/ts-services.co.uk\/fr\/wp-json\/wp\/v2\/media?parent=1107"}],"curies":[{"name":"wp","href":"https:\/\/api.w.org\/{rel}","templated":true}]}}