{"id":1122,"date":"2023-08-24T08:12:30","date_gmt":"2023-08-24T08:12:30","guid":{"rendered":"http:\/\/tsservices.richardbarberwebdevelopment4.co.uk\/?page_id=1122"},"modified":"2026-02-03T14:27:39","modified_gmt":"2026-02-03T14:27:39","slug":"certified-french-translation-services","status":"publish","type":"page","link":"https:\/\/ts-services.co.uk\/fr\/certified-french-translation-services\/","title":{"rendered":"Service de traduction fran\u00e7ais"},"content":{"rendered":"<p>Vous souhaitez faire appel \u00e0 des services de traduction en fran\u00e7ais ?<\/p>\n<p class=\" translation-block\">Bien que nous proposions <strong>une multitude de combinaisons linguistiques<\/strong>, nous sommes sp\u00e9cialis\u00e9s dans les traductions du <strong>fran\u00e7ais vers l\u2019anglais et de l\u2019anglais vers le fran\u00e7ais.<\/strong><\/p>\n<p><strong>Oui, la langue fran\u00e7aise est notre sp\u00e9cialit\u00e9 ! <\/strong><\/p>\n<p class=\" translation-block\">Notre service de traduction fran\u00e7ais est g\u00e9r\u00e9 par <a href=\"https:\/\/ts-services.co.uk\/fr\/certified-translator\" target=\"_self\">Julie Barber<\/a>, traductrice certifi\u00e9e du fran\u00e7ais vers l\u2019anglais, qui se sp\u00e9cialise dans les affaires, le droit et les sciences sociales.<\/p>\n<p class=\" translation-block\"><a href=\"https:\/\/ts-services.co.uk\/certified-french-translator-uk-julie-barber\" target=\"_self\"><strong><\/strong>Vous avez besoin de services de traduction certifi\u00e9e du fran\u00e7ais vers l'anglais ?<\/a><br>\nDans ce cas, nous avons un service sp\u00e9cialement con\u00e7u pour vous : <a href=\"https:\/\/ts-services.co.uk\/certified-french-translator-uk-julie-barber\" target=\"_self\">Certified French Translator UK<\/a>!  Cette division sp\u00e9ciale effectue les traductions directement en interne et propose une gamme de sujets populaires allant des certificats de naissance aux relev\u00e9s bancaires, \u00e0 des prix abordables.<\/p>\n<p class=\" translation-block\"><strong>Ou peut-\u00eatre avez-vous besoin de traductions de l'anglais vers le fran\u00e7ais ? Ou de traductions r\u00e9guli\u00e8res, non certifi\u00e9es ?<\/strong> Cliquez ici pour en savoir plus sur nos services de traduction pour  <a href=\"http:\/\/ts-services.co.uk\/fr\/translation-services\/\" target=\"_self\"> les entreprises et les institutions<\/a> et pour <a href=\"http:\/\/ts-services.co.uk\/certified-translation-services\/\" target=\"_self\">les particuliers et les familles.<\/a><\/p>\n<p>Nous sommes fiers de fournir un service professionnel et convivial. Nos bureaux sont situ\u00e9s au c\u0153ur du Cheshire (Royaume-Uni), mais nous travaillons pour des clients professionnels et priv\u00e9s aux quatre coins du monde.<\/p>\n<p><strong>Utilisez le formulaire de contact pour recevoir un devis enti\u00e8rement gratuit<\/strong> ou pour prendre un rendez-vous t\u00e9l\u00e9phonique \u00e0 l'heure qui vous convient. Hello! Bonjour! Nous parlons fran\u00e7ais et anglais.<\/p>\n<p class=\" translation-block\"><strong>D\u00e9couvrez ci-dessous l\u2019importance de la langue fran\u00e7aise ! \u00a0<\/strong><br>\n<em>\u00ab La langue fran\u00e7aise est la troisi\u00e8me langue la plus utile en affaires et est parl\u00e9e par 220 millions de personnes sur les cinq continents. Elle a longtemps \u00e9t\u00e9 la langue de r\u00e9f\u00e9rence dans le commerce, la diplomatie, la litt\u00e9rature et les normes scientifiques et figure parmi les langues officielles de nombreuses organisations internationales, dont les Nations unies, l\u2019OTAN, l\u2019OCDE et l\u2019Union europ\u00e9enne \u00bb<\/em> [Source : Universit\u00e9 de Londres]<\/p>\n<p><img loading=\"lazy\" decoding=\"async\" class=\"wp-image-1206 aligncenter\" src=\"http:\/\/ts-services.co.uk\/wp-content\/uploads\/2023\/09\/shutterstock_1786599059.jpg\" alt=\"\" width=\"638\" height=\"319\" srcset=\"https:\/\/ts-services.co.uk\/wp-content\/uploads\/2023\/09\/shutterstock_1786599059.jpg 1000w, https:\/\/ts-services.co.uk\/wp-content\/uploads\/2023\/09\/shutterstock_1786599059-300x150.jpg 300w, https:\/\/ts-services.co.uk\/wp-content\/uploads\/2023\/09\/shutterstock_1786599059-768x384.jpg 768w, https:\/\/ts-services.co.uk\/wp-content\/uploads\/2023\/09\/shutterstock_1786599059-18x9.jpg 18w\" sizes=\"auto, (max-width: 638px) 100vw, 638px\" \/><\/p>\n<p style=\"text-align: center;\" class=\" translation-block\"><em>Service de traduction fran\u00e7ais - anglais<\/em><\/p>","protected":false},"excerpt":{"rendered":"<p>Are you looking for French translation services? We offer a variety of language combinations while specialising in French into English and English into French translations. Yes, the French language is our core specialisation! Our French translation service is managed by Julie Barber, a certified French to English translator who specialises in business, legal and social&hellip;<\/p>","protected":false},"author":3,"featured_media":0,"parent":0,"menu_order":8,"comment_status":"closed","ping_status":"closed","template":"","meta":{"_acf_changed":false,"footnotes":""},"class_list":["post-1122","page","type-page","status-publish","hentry"],"acf":[],"yoast_head":"<!-- This site is optimized with the Yoast SEO plugin v26.6 - https:\/\/yoast.com\/wordpress\/plugins\/seo\/ -->\n<title>French Translation Services | Certified French Translations<\/title>\n<meta name=\"description\" content=\"Certified French translation services for legal, business, and personal documents. Trust our expertise to ensure accuracy and compliance for your multilingual communication needs.\" \/>\n<meta name=\"robots\" content=\"index, follow, max-snippet:-1, max-image-preview:large, max-video-preview:-1\" \/>\n<link rel=\"canonical\" href=\"https:\/\/ts-services.co.uk\/fr\/certified-french-translation-services\/\" \/>\n<meta property=\"og:locale\" content=\"fr_FR\" \/>\n<meta property=\"og:type\" content=\"article\" \/>\n<meta property=\"og:title\" content=\"French Translation Services | Certified French Translations\" \/>\n<meta property=\"og:description\" content=\"Certified French translation services for legal, business, and personal documents. Trust our expertise to ensure accuracy and compliance for your multilingual communication needs.\" \/>\n<meta property=\"og:url\" content=\"https:\/\/ts-services.co.uk\/fr\/certified-french-translation-services\/\" \/>\n<meta property=\"og:site_name\" content=\"T&amp;S Services\" \/>\n<meta property=\"article:publisher\" content=\"https:\/\/www.facebook.com\/translationandsecretarial\/\" \/>\n<meta property=\"article:modified_time\" content=\"2026-02-03T14:27:39+00:00\" \/>\n<meta property=\"og:image\" content=\"http:\/\/ts-services.co.uk\/wp-content\/uploads\/2023\/09\/shutterstock_1786599059.jpg\" \/>\n<meta name=\"twitter:card\" content=\"summary_large_image\" \/>\n<meta name=\"twitter:label1\" content=\"Dur\u00e9e de lecture estim\u00e9e\" \/>\n\t<meta name=\"twitter:data1\" content=\"2 minutes\" \/>\n<script type=\"application\/ld+json\" class=\"yoast-schema-graph\">{\"@context\":\"https:\/\/schema.org\",\"@graph\":[{\"@type\":\"WebPage\",\"@id\":\"https:\/\/ts-services.co.uk\/certified-french-translation-services\/\",\"url\":\"https:\/\/ts-services.co.uk\/certified-french-translation-services\/\",\"name\":\"French Translation Services | Certified French Translations\",\"isPartOf\":{\"@id\":\"https:\/\/ts-services.co.uk\/#website\"},\"primaryImageOfPage\":{\"@id\":\"https:\/\/ts-services.co.uk\/certified-french-translation-services\/#primaryimage\"},\"image\":{\"@id\":\"https:\/\/ts-services.co.uk\/certified-french-translation-services\/#primaryimage\"},\"thumbnailUrl\":\"http:\/\/ts-services.co.uk\/wp-content\/uploads\/2023\/09\/shutterstock_1786599059.jpg\",\"datePublished\":\"2023-08-24T08:12:30+00:00\",\"dateModified\":\"2026-02-03T14:27:39+00:00\",\"description\":\"Certified French translation services for legal, business, and personal documents. Trust our expertise to ensure accuracy and compliance for your multilingual communication needs.\",\"breadcrumb\":{\"@id\":\"https:\/\/ts-services.co.uk\/certified-french-translation-services\/#breadcrumb\"},\"inLanguage\":\"fr-FR\",\"potentialAction\":[{\"@type\":\"ReadAction\",\"target\":[\"https:\/\/ts-services.co.uk\/certified-french-translation-services\/\"]}]},{\"@type\":\"ImageObject\",\"inLanguage\":\"fr-FR\",\"@id\":\"https:\/\/ts-services.co.uk\/certified-french-translation-services\/#primaryimage\",\"url\":\"http:\/\/ts-services.co.uk\/wp-content\/uploads\/2023\/09\/shutterstock_1786599059.jpg\",\"contentUrl\":\"http:\/\/ts-services.co.uk\/wp-content\/uploads\/2023\/09\/shutterstock_1786599059.jpg\"},{\"@type\":\"BreadcrumbList\",\"@id\":\"https:\/\/ts-services.co.uk\/certified-french-translation-services\/#breadcrumb\",\"itemListElement\":[{\"@type\":\"ListItem\",\"position\":1,\"name\":\"Home\",\"item\":\"https:\/\/ts-services.co.uk\/\"},{\"@type\":\"ListItem\",\"position\":2,\"name\":\"French translation services\"}]},{\"@type\":\"WebSite\",\"@id\":\"https:\/\/ts-services.co.uk\/#website\",\"url\":\"https:\/\/ts-services.co.uk\/\",\"name\":\"Certified Translation & Secretarial Services\",\"description\":\"Professional French English Translation &amp; Secretarial Services\",\"publisher\":{\"@id\":\"https:\/\/ts-services.co.uk\/#organization\"},\"potentialAction\":[{\"@type\":\"SearchAction\",\"target\":{\"@type\":\"EntryPoint\",\"urlTemplate\":\"https:\/\/ts-services.co.uk\/?s={search_term_string}\"},\"query-input\":{\"@type\":\"PropertyValueSpecification\",\"valueRequired\":true,\"valueName\":\"search_term_string\"}}],\"inLanguage\":\"fr-FR\"},{\"@type\":\"Organization\",\"@id\":\"https:\/\/ts-services.co.uk\/#organization\",\"name\":\"Translation & Secretarial Services\",\"alternateName\":\"T&S Services\",\"url\":\"https:\/\/ts-services.co.uk\/\",\"logo\":{\"@type\":\"ImageObject\",\"inLanguage\":\"fr-FR\",\"@id\":\"https:\/\/ts-services.co.uk\/#\/schema\/logo\/image\/\",\"url\":\"https:\/\/ts-services.co.uk\/wp-content\/uploads\/2024\/10\/Certified-Translation-Secretarial-Services-logo-2.png\",\"contentUrl\":\"https:\/\/ts-services.co.uk\/wp-content\/uploads\/2024\/10\/Certified-Translation-Secretarial-Services-logo-2.png\",\"width\":512,\"height\":512,\"caption\":\"Translation & Secretarial Services\"},\"image\":{\"@id\":\"https:\/\/ts-services.co.uk\/#\/schema\/logo\/image\/\"},\"sameAs\":[\"https:\/\/www.facebook.com\/translationandsecretarial\/\",\"https:\/\/www.linkedin.com\/company\/35701923\",\"https:\/\/g.page\/r\/CRO-zzErifTBEAE\",\"https:\/\/www.esd.businessandtrade.gov.uk\/s4s\/CustomPage\/Index\/4?q=c46ccb95-0994-4cc4-9656-b1480109b78b\",\"https:\/\/www.cheshireprofessionals.co.uk\/company\/translation-secretarial-services\",\"https:\/\/www.ciol.org.uk\/member-check\/profile\/53532\/14314\",\"https:\/\/www.ciol.org.uk\/translator\/profile\/53532\/36\/9565\",\"https:\/\/directory.manchestereveningnews.co.uk\/company\/1530394279591936\",\"https:\/\/www.yell.com\/biz\/translation-and-secretarial-services-northwich-9981908\/\",\"https:\/\/www.proz.com\/translator\/113773\",\"https:\/\/www.linkedin.com\/in\/julie-barber-certified-french-translator-uk-80107390\/\",\"https:\/\/www.instagram.com\/officialtranslationsuk\/\",\"https:\/\/www.instagram.com\/Certifiedfrenchtranslatoruk\/\",\"https:\/\/www.facebook.com\/certifiedfrenchtranslatoruk\/\",\"https:\/\/find-and-update.company-information.service.gov.uk\/company\/16017801\",\"https:\/\/find-and-update.company-information.service.gov.uk\/company\/11375969\"]}]}<\/script>\n<!-- \/ Yoast SEO plugin. -->","yoast_head_json":{"title":"French Translation Services | Certified French Translations","description":"Certified French translation services for legal, business, and personal documents. Trust our expertise to ensure accuracy and compliance for your multilingual communication needs.","robots":{"index":"index","follow":"follow","max-snippet":"max-snippet:-1","max-image-preview":"max-image-preview:large","max-video-preview":"max-video-preview:-1"},"canonical":"https:\/\/ts-services.co.uk\/fr\/certified-french-translation-services\/","og_locale":"fr_FR","og_type":"article","og_title":"French Translation Services | Certified French Translations","og_description":"Certified French translation services for legal, business, and personal documents. Trust our expertise to ensure accuracy and compliance for your multilingual communication needs.","og_url":"https:\/\/ts-services.co.uk\/fr\/certified-french-translation-services\/","og_site_name":"T&amp;S Services","article_publisher":"https:\/\/www.facebook.com\/translationandsecretarial\/","article_modified_time":"2026-02-03T14:27:39+00:00","og_image":[{"url":"http:\/\/ts-services.co.uk\/wp-content\/uploads\/2023\/09\/shutterstock_1786599059.jpg","type":"","width":"","height":""}],"twitter_card":"summary_large_image","twitter_misc":{"Dur\u00e9e de lecture estim\u00e9e":"2 minutes"},"schema":{"@context":"https:\/\/schema.org","@graph":[{"@type":"WebPage","@id":"https:\/\/ts-services.co.uk\/certified-french-translation-services\/","url":"https:\/\/ts-services.co.uk\/certified-french-translation-services\/","name":"French Translation Services | Certified French Translations","isPartOf":{"@id":"https:\/\/ts-services.co.uk\/#website"},"primaryImageOfPage":{"@id":"https:\/\/ts-services.co.uk\/certified-french-translation-services\/#primaryimage"},"image":{"@id":"https:\/\/ts-services.co.uk\/certified-french-translation-services\/#primaryimage"},"thumbnailUrl":"http:\/\/ts-services.co.uk\/wp-content\/uploads\/2023\/09\/shutterstock_1786599059.jpg","datePublished":"2023-08-24T08:12:30+00:00","dateModified":"2026-02-03T14:27:39+00:00","description":"Certified French translation services for legal, business, and personal documents. Trust our expertise to ensure accuracy and compliance for your multilingual communication needs.","breadcrumb":{"@id":"https:\/\/ts-services.co.uk\/certified-french-translation-services\/#breadcrumb"},"inLanguage":"fr-FR","potentialAction":[{"@type":"ReadAction","target":["https:\/\/ts-services.co.uk\/certified-french-translation-services\/"]}]},{"@type":"ImageObject","inLanguage":"fr-FR","@id":"https:\/\/ts-services.co.uk\/certified-french-translation-services\/#primaryimage","url":"http:\/\/ts-services.co.uk\/wp-content\/uploads\/2023\/09\/shutterstock_1786599059.jpg","contentUrl":"http:\/\/ts-services.co.uk\/wp-content\/uploads\/2023\/09\/shutterstock_1786599059.jpg"},{"@type":"BreadcrumbList","@id":"https:\/\/ts-services.co.uk\/certified-french-translation-services\/#breadcrumb","itemListElement":[{"@type":"ListItem","position":1,"name":"Home","item":"https:\/\/ts-services.co.uk\/"},{"@type":"ListItem","position":2,"name":"French translation services"}]},{"@type":"WebSite","@id":"https:\/\/ts-services.co.uk\/#website","url":"https:\/\/ts-services.co.uk\/","name":"Traductions certifi\u00e9es et services de secr\u00e9tariat","description":"Professional French English Translation &amp; Secretarial Services","publisher":{"@id":"https:\/\/ts-services.co.uk\/#organization"},"potentialAction":[{"@type":"SearchAction","target":{"@type":"EntryPoint","urlTemplate":"https:\/\/ts-services.co.uk\/?s={search_term_string}"},"query-input":{"@type":"PropertyValueSpecification","valueRequired":true,"valueName":"search_term_string"}}],"inLanguage":"fr-FR"},{"@type":"Organization","@id":"https:\/\/ts-services.co.uk\/#organization","name":"Translation & Secretarial Services","alternateName":"T&S Services","url":"https:\/\/ts-services.co.uk\/","logo":{"@type":"ImageObject","inLanguage":"fr-FR","@id":"https:\/\/ts-services.co.uk\/#\/schema\/logo\/image\/","url":"https:\/\/ts-services.co.uk\/wp-content\/uploads\/2024\/10\/Certified-Translation-Secretarial-Services-logo-2.png","contentUrl":"https:\/\/ts-services.co.uk\/wp-content\/uploads\/2024\/10\/Certified-Translation-Secretarial-Services-logo-2.png","width":512,"height":512,"caption":"Translation & Secretarial Services"},"image":{"@id":"https:\/\/ts-services.co.uk\/#\/schema\/logo\/image\/"},"sameAs":["https:\/\/www.facebook.com\/translationandsecretarial\/","https:\/\/www.linkedin.com\/company\/35701923","https:\/\/g.page\/r\/CRO-zzErifTBEAE","https:\/\/www.esd.businessandtrade.gov.uk\/s4s\/CustomPage\/Index\/4?q=c46ccb95-0994-4cc4-9656-b1480109b78b","https:\/\/www.cheshireprofessionals.co.uk\/company\/translation-secretarial-services","https:\/\/www.ciol.org.uk\/member-check\/profile\/53532\/14314","https:\/\/www.ciol.org.uk\/translator\/profile\/53532\/36\/9565","https:\/\/directory.manchestereveningnews.co.uk\/company\/1530394279591936","https:\/\/www.yell.com\/biz\/translation-and-secretarial-services-northwich-9981908\/","https:\/\/www.proz.com\/translator\/113773","https:\/\/www.linkedin.com\/in\/julie-barber-certified-french-translator-uk-80107390\/","https:\/\/www.instagram.com\/officialtranslationsuk\/","https:\/\/www.instagram.com\/Certifiedfrenchtranslatoruk\/","https:\/\/www.facebook.com\/certifiedfrenchtranslatoruk\/","https:\/\/find-and-update.company-information.service.gov.uk\/company\/16017801","https:\/\/find-and-update.company-information.service.gov.uk\/company\/11375969"]}]}},"_links":{"self":[{"href":"https:\/\/ts-services.co.uk\/fr\/wp-json\/wp\/v2\/pages\/1122","targetHints":{"allow":["GET"]}}],"collection":[{"href":"https:\/\/ts-services.co.uk\/fr\/wp-json\/wp\/v2\/pages"}],"about":[{"href":"https:\/\/ts-services.co.uk\/fr\/wp-json\/wp\/v2\/types\/page"}],"author":[{"embeddable":true,"href":"https:\/\/ts-services.co.uk\/fr\/wp-json\/wp\/v2\/users\/3"}],"replies":[{"embeddable":true,"href":"https:\/\/ts-services.co.uk\/fr\/wp-json\/wp\/v2\/comments?post=1122"}],"version-history":[{"count":45,"href":"https:\/\/ts-services.co.uk\/fr\/wp-json\/wp\/v2\/pages\/1122\/revisions"}],"predecessor-version":[{"id":1682,"href":"https:\/\/ts-services.co.uk\/fr\/wp-json\/wp\/v2\/pages\/1122\/revisions\/1682"}],"wp:attachment":[{"href":"https:\/\/ts-services.co.uk\/fr\/wp-json\/wp\/v2\/media?parent=1122"}],"curies":[{"name":"wp","href":"https:\/\/api.w.org\/{rel}","templated":true}]}}