{"id":1274,"date":"2023-09-28T11:12:55","date_gmt":"2023-09-28T10:12:55","guid":{"rendered":"http:\/\/tsservices.richardbarberwebdevelopment4.co.uk\/?page_id=1274"},"modified":"2026-02-03T14:27:39","modified_gmt":"2026-02-03T14:27:39","slug":"virtual-secretarial-services-for-individuals-and-families","status":"publish","type":"page","link":"https:\/\/ts-services.co.uk\/fr\/virtual-secretarial-services-for-individuals-and-families\/","title":{"rendered":"Services de secr\u00e9tariat en ligne pour les particuliers et les familles"},"content":{"rendered":"<p>Vous souhaitez obtenir de l\u2019aide pour une t\u00e2che personnelle p\u00e9nible ? Appelez-nous d\u00e8s aujourd\u2019hui pour savoir si nous pouvons vous aider !<\/p>\n<p>Nous aidons r\u00e9guli\u00e8rement des Britanniques qui poss\u00e8dent des r\u00e9sidences secondaires en France \u00e0 accomplir des t\u00e2ches administratives. Vous ne voulez pas avoir affaire \u00e0 des autorit\u00e9s difficiles ? Nous le ferons pour vous ! Il n'est pas n\u00e9cessaire que ce soit une t\u00e2che fran\u00e7aise ! Nous aidons \u00e9galement les familles locales. Faites-nous savoir si vous souhaitez vous d\u00e9charger d'une t\u00e2che de secr\u00e9tariat et nous verrons si nous pouvons vous aider.<\/p>\n<p><u>Exemple d\u2019une mission r\u00e9cente<\/u><br \/>\nNous avons aid\u00e9 un couple de Britanniques poss\u00e9dant une propri\u00e9t\u00e9 en France \u00e0 signaler un d\u00e9lit en appelant les autorit\u00e9s fran\u00e7aises en leur nom. L\u2019appel a permis aux propri\u00e9taires de faire avancer leur demande d\u2019indemnisation.<\/p>\n<p><img loading=\"lazy\" decoding=\"async\" class=\"alignnone wp-image-1164\" src=\"http:\/\/ts-services.co.uk\/wp-content\/uploads\/2023\/09\/Family-and-individuals-translation-Cheshire-1a-300x201.jpg\" alt=\"\" width=\"334\" height=\"224\" srcset=\"https:\/\/ts-services.co.uk\/wp-content\/uploads\/2023\/09\/Family-and-individuals-translation-Cheshire-1a-300x201.jpg 300w, https:\/\/ts-services.co.uk\/wp-content\/uploads\/2023\/09\/Family-and-individuals-translation-Cheshire-1a-18x12.jpg 18w, https:\/\/ts-services.co.uk\/wp-content\/uploads\/2023\/09\/Family-and-individuals-translation-Cheshire-1a.jpg 672w\" sizes=\"auto, (max-width: 334px) 100vw, 334px\" \/>\u00a0 \u00a0 \u00a0 <img loading=\"lazy\" decoding=\"async\" class=\"alignnone size-medium wp-image-1165\" src=\"http:\/\/ts-services.co.uk\/wp-content\/uploads\/2023\/09\/Family-and-individuals-translation-Cheshire-2-300x225.jpg\" alt=\"\" width=\"300\" height=\"225\" srcset=\"https:\/\/ts-services.co.uk\/wp-content\/uploads\/2023\/09\/Family-and-individuals-translation-Cheshire-2-300x225.jpg 300w, https:\/\/ts-services.co.uk\/wp-content\/uploads\/2023\/09\/Family-and-individuals-translation-Cheshire-2-16x12.jpg 16w, https:\/\/ts-services.co.uk\/wp-content\/uploads\/2023\/09\/Family-and-individuals-translation-Cheshire-2.jpg 683w\" sizes=\"auto, (max-width: 300px) 100vw, 300px\" \/><\/p>\n<p><em>Translation &amp; Secretarial Services aide les familles et les particuliers \u00e0 retrouver leur temps libre si pr\u00e9cieux en accomplissant leurs t\u00e2ches administratives fastidieuses<\/em><\/p>\n<p>Nous proposons des consultations gratuites pour vous aider \u00e0 d\u00e9finir vos besoins et vous proposer des solutions pratiques. Appelez-nous d\u00e8s aujourd'hui au +44 (0)7954 693 561 ou utilisez le formulaire ci-dessous. N\u2019h\u00e9sitez pas \u00e0 demander des renseignements sur tout autre service.<\/p>","protected":false},"excerpt":{"rendered":"<p>Would you like help with a pesky personal task? Just call today to find out if we can help! We can complete one-off and ongoing admin jobs that are a burden on your time. We regularly help British people who own second homes in France to complete administrative tasks. Don&#8217;t want to deal with difficult&hellip;<\/p>","protected":false},"author":3,"featured_media":0,"parent":0,"menu_order":12,"comment_status":"closed","ping_status":"closed","template":"","meta":{"_acf_changed":false,"footnotes":""},"class_list":["post-1274","page","type-page","status-publish","hentry"],"acf":[],"yoast_head":"<!-- This site is optimized with the Yoast SEO plugin v26.6 - https:\/\/yoast.com\/wordpress\/plugins\/seo\/ -->\n<title>Virtual Secretarial Services for Individuals &amp; Families<\/title>\n<meta name=\"description\" content=\"Free up your time with our virtual secretarial services. From personal admin to ongoing support, we handle time-consuming tasks so you can focus on what matters.\" \/>\n<meta name=\"robots\" content=\"index, follow, max-snippet:-1, max-image-preview:large, max-video-preview:-1\" \/>\n<link rel=\"canonical\" href=\"https:\/\/ts-services.co.uk\/fr\/virtual-secretarial-services-for-individuals-and-families\/\" \/>\n<meta property=\"og:locale\" content=\"fr_FR\" \/>\n<meta property=\"og:type\" content=\"article\" \/>\n<meta property=\"og:title\" content=\"Virtual Secretarial Services for Individuals &amp; Families\" \/>\n<meta property=\"og:description\" content=\"Free up your time with our virtual secretarial services. From personal admin to ongoing support, we handle time-consuming tasks so you can focus on what matters.\" \/>\n<meta property=\"og:url\" content=\"https:\/\/ts-services.co.uk\/fr\/virtual-secretarial-services-for-individuals-and-families\/\" \/>\n<meta property=\"og:site_name\" content=\"T&amp;S Services\" \/>\n<meta property=\"article:publisher\" content=\"https:\/\/www.facebook.com\/translationandsecretarial\/\" \/>\n<meta property=\"article:modified_time\" content=\"2026-02-03T14:27:39+00:00\" \/>\n<meta property=\"og:image\" content=\"http:\/\/ts-services.co.uk\/wp-content\/uploads\/2023\/09\/Family-and-individuals-translation-Cheshire-1a-300x201.jpg\" \/>\n<meta name=\"twitter:card\" content=\"summary_large_image\" \/>\n<meta name=\"twitter:label1\" content=\"Dur\u00e9e de lecture estim\u00e9e\" \/>\n\t<meta name=\"twitter:data1\" content=\"2 minutes\" \/>\n<script type=\"application\/ld+json\" class=\"yoast-schema-graph\">{\"@context\":\"https:\/\/schema.org\",\"@graph\":[{\"@type\":\"WebPage\",\"@id\":\"https:\/\/ts-services.co.uk\/virtual-secretarial-services-for-individuals-and-families\/\",\"url\":\"https:\/\/ts-services.co.uk\/virtual-secretarial-services-for-individuals-and-families\/\",\"name\":\"Virtual Secretarial Services for Individuals & Families\",\"isPartOf\":{\"@id\":\"https:\/\/ts-services.co.uk\/#website\"},\"primaryImageOfPage\":{\"@id\":\"https:\/\/ts-services.co.uk\/virtual-secretarial-services-for-individuals-and-families\/#primaryimage\"},\"image\":{\"@id\":\"https:\/\/ts-services.co.uk\/virtual-secretarial-services-for-individuals-and-families\/#primaryimage\"},\"thumbnailUrl\":\"http:\/\/ts-services.co.uk\/wp-content\/uploads\/2023\/09\/Family-and-individuals-translation-Cheshire-1a-300x201.jpg\",\"datePublished\":\"2023-09-28T10:12:55+00:00\",\"dateModified\":\"2026-02-03T14:27:39+00:00\",\"description\":\"Free up your time with our virtual secretarial services. From personal admin to ongoing support, we handle time-consuming tasks so you can focus on what matters.\",\"breadcrumb\":{\"@id\":\"https:\/\/ts-services.co.uk\/virtual-secretarial-services-for-individuals-and-families\/#breadcrumb\"},\"inLanguage\":\"fr-FR\",\"potentialAction\":[{\"@type\":\"ReadAction\",\"target\":[\"https:\/\/ts-services.co.uk\/virtual-secretarial-services-for-individuals-and-families\/\"]}]},{\"@type\":\"ImageObject\",\"inLanguage\":\"fr-FR\",\"@id\":\"https:\/\/ts-services.co.uk\/virtual-secretarial-services-for-individuals-and-families\/#primaryimage\",\"url\":\"http:\/\/ts-services.co.uk\/wp-content\/uploads\/2023\/09\/Family-and-individuals-translation-Cheshire-1a-300x201.jpg\",\"contentUrl\":\"http:\/\/ts-services.co.uk\/wp-content\/uploads\/2023\/09\/Family-and-individuals-translation-Cheshire-1a-300x201.jpg\"},{\"@type\":\"BreadcrumbList\",\"@id\":\"https:\/\/ts-services.co.uk\/virtual-secretarial-services-for-individuals-and-families\/#breadcrumb\",\"itemListElement\":[{\"@type\":\"ListItem\",\"position\":1,\"name\":\"Home\",\"item\":\"https:\/\/ts-services.co.uk\/\"},{\"@type\":\"ListItem\",\"position\":2,\"name\":\"Virtual Secretarial Services for Individuals and Families\"}]},{\"@type\":\"WebSite\",\"@id\":\"https:\/\/ts-services.co.uk\/#website\",\"url\":\"https:\/\/ts-services.co.uk\/\",\"name\":\"Certified Translation & Secretarial Services\",\"description\":\"Professional French English Translation &amp; Secretarial Services\",\"publisher\":{\"@id\":\"https:\/\/ts-services.co.uk\/#organization\"},\"potentialAction\":[{\"@type\":\"SearchAction\",\"target\":{\"@type\":\"EntryPoint\",\"urlTemplate\":\"https:\/\/ts-services.co.uk\/?s={search_term_string}\"},\"query-input\":{\"@type\":\"PropertyValueSpecification\",\"valueRequired\":true,\"valueName\":\"search_term_string\"}}],\"inLanguage\":\"fr-FR\"},{\"@type\":\"Organization\",\"@id\":\"https:\/\/ts-services.co.uk\/#organization\",\"name\":\"Translation & Secretarial Services\",\"alternateName\":\"T&S Services\",\"url\":\"https:\/\/ts-services.co.uk\/\",\"logo\":{\"@type\":\"ImageObject\",\"inLanguage\":\"fr-FR\",\"@id\":\"https:\/\/ts-services.co.uk\/#\/schema\/logo\/image\/\",\"url\":\"https:\/\/ts-services.co.uk\/wp-content\/uploads\/2024\/10\/Certified-Translation-Secretarial-Services-logo-2.png\",\"contentUrl\":\"https:\/\/ts-services.co.uk\/wp-content\/uploads\/2024\/10\/Certified-Translation-Secretarial-Services-logo-2.png\",\"width\":512,\"height\":512,\"caption\":\"Translation & Secretarial Services\"},\"image\":{\"@id\":\"https:\/\/ts-services.co.uk\/#\/schema\/logo\/image\/\"},\"sameAs\":[\"https:\/\/www.facebook.com\/translationandsecretarial\/\",\"https:\/\/www.linkedin.com\/company\/35701923\",\"https:\/\/g.page\/r\/CRO-zzErifTBEAE\",\"https:\/\/www.esd.businessandtrade.gov.uk\/s4s\/CustomPage\/Index\/4?q=c46ccb95-0994-4cc4-9656-b1480109b78b\",\"https:\/\/www.cheshireprofessionals.co.uk\/company\/translation-secretarial-services\",\"https:\/\/www.ciol.org.uk\/member-check\/profile\/53532\/14314\",\"https:\/\/www.ciol.org.uk\/translator\/profile\/53532\/36\/9565\",\"https:\/\/directory.manchestereveningnews.co.uk\/company\/1530394279591936\",\"https:\/\/www.yell.com\/biz\/translation-and-secretarial-services-northwich-9981908\/\",\"https:\/\/www.proz.com\/translator\/113773\",\"https:\/\/www.linkedin.com\/in\/julie-barber-certified-french-translator-uk-80107390\/\",\"https:\/\/www.instagram.com\/officialtranslationsuk\/\",\"https:\/\/www.instagram.com\/Certifiedfrenchtranslatoruk\/\",\"https:\/\/www.facebook.com\/certifiedfrenchtranslatoruk\/\",\"https:\/\/find-and-update.company-information.service.gov.uk\/company\/16017801\",\"https:\/\/find-and-update.company-information.service.gov.uk\/company\/11375969\"]}]}<\/script>\n<!-- \/ Yoast SEO plugin. -->","yoast_head_json":{"title":"Virtual Secretarial Services for Individuals & Families","description":"Free up your time with our virtual secretarial services. From personal admin to ongoing support, we handle time-consuming tasks so you can focus on what matters.","robots":{"index":"index","follow":"follow","max-snippet":"max-snippet:-1","max-image-preview":"max-image-preview:large","max-video-preview":"max-video-preview:-1"},"canonical":"https:\/\/ts-services.co.uk\/fr\/virtual-secretarial-services-for-individuals-and-families\/","og_locale":"fr_FR","og_type":"article","og_title":"Virtual Secretarial Services for Individuals & Families","og_description":"Free up your time with our virtual secretarial services. From personal admin to ongoing support, we handle time-consuming tasks so you can focus on what matters.","og_url":"https:\/\/ts-services.co.uk\/fr\/virtual-secretarial-services-for-individuals-and-families\/","og_site_name":"T&amp;S Services","article_publisher":"https:\/\/www.facebook.com\/translationandsecretarial\/","article_modified_time":"2026-02-03T14:27:39+00:00","og_image":[{"url":"http:\/\/ts-services.co.uk\/wp-content\/uploads\/2023\/09\/Family-and-individuals-translation-Cheshire-1a-300x201.jpg","type":"","width":"","height":""}],"twitter_card":"summary_large_image","twitter_misc":{"Dur\u00e9e de lecture estim\u00e9e":"2 minutes"},"schema":{"@context":"https:\/\/schema.org","@graph":[{"@type":"WebPage","@id":"https:\/\/ts-services.co.uk\/virtual-secretarial-services-for-individuals-and-families\/","url":"https:\/\/ts-services.co.uk\/virtual-secretarial-services-for-individuals-and-families\/","name":"Virtual Secretarial Services for Individuals & Families","isPartOf":{"@id":"https:\/\/ts-services.co.uk\/#website"},"primaryImageOfPage":{"@id":"https:\/\/ts-services.co.uk\/virtual-secretarial-services-for-individuals-and-families\/#primaryimage"},"image":{"@id":"https:\/\/ts-services.co.uk\/virtual-secretarial-services-for-individuals-and-families\/#primaryimage"},"thumbnailUrl":"http:\/\/ts-services.co.uk\/wp-content\/uploads\/2023\/09\/Family-and-individuals-translation-Cheshire-1a-300x201.jpg","datePublished":"2023-09-28T10:12:55+00:00","dateModified":"2026-02-03T14:27:39+00:00","description":"Free up your time with our virtual secretarial services. From personal admin to ongoing support, we handle time-consuming tasks so you can focus on what matters.","breadcrumb":{"@id":"https:\/\/ts-services.co.uk\/virtual-secretarial-services-for-individuals-and-families\/#breadcrumb"},"inLanguage":"fr-FR","potentialAction":[{"@type":"ReadAction","target":["https:\/\/ts-services.co.uk\/virtual-secretarial-services-for-individuals-and-families\/"]}]},{"@type":"ImageObject","inLanguage":"fr-FR","@id":"https:\/\/ts-services.co.uk\/virtual-secretarial-services-for-individuals-and-families\/#primaryimage","url":"http:\/\/ts-services.co.uk\/wp-content\/uploads\/2023\/09\/Family-and-individuals-translation-Cheshire-1a-300x201.jpg","contentUrl":"http:\/\/ts-services.co.uk\/wp-content\/uploads\/2023\/09\/Family-and-individuals-translation-Cheshire-1a-300x201.jpg"},{"@type":"BreadcrumbList","@id":"https:\/\/ts-services.co.uk\/virtual-secretarial-services-for-individuals-and-families\/#breadcrumb","itemListElement":[{"@type":"ListItem","position":1,"name":"Home","item":"https:\/\/ts-services.co.uk\/"},{"@type":"ListItem","position":2,"name":"Virtual Secretarial Services for Individuals and Families"}]},{"@type":"WebSite","@id":"https:\/\/ts-services.co.uk\/#website","url":"https:\/\/ts-services.co.uk\/","name":"Traductions certifi\u00e9es et services de secr\u00e9tariat","description":"Professional French English Translation &amp; Secretarial Services","publisher":{"@id":"https:\/\/ts-services.co.uk\/#organization"},"potentialAction":[{"@type":"SearchAction","target":{"@type":"EntryPoint","urlTemplate":"https:\/\/ts-services.co.uk\/?s={search_term_string}"},"query-input":{"@type":"PropertyValueSpecification","valueRequired":true,"valueName":"search_term_string"}}],"inLanguage":"fr-FR"},{"@type":"Organization","@id":"https:\/\/ts-services.co.uk\/#organization","name":"Translation & Secretarial Services","alternateName":"T&S Services","url":"https:\/\/ts-services.co.uk\/","logo":{"@type":"ImageObject","inLanguage":"fr-FR","@id":"https:\/\/ts-services.co.uk\/#\/schema\/logo\/image\/","url":"https:\/\/ts-services.co.uk\/wp-content\/uploads\/2024\/10\/Certified-Translation-Secretarial-Services-logo-2.png","contentUrl":"https:\/\/ts-services.co.uk\/wp-content\/uploads\/2024\/10\/Certified-Translation-Secretarial-Services-logo-2.png","width":512,"height":512,"caption":"Translation & Secretarial Services"},"image":{"@id":"https:\/\/ts-services.co.uk\/#\/schema\/logo\/image\/"},"sameAs":["https:\/\/www.facebook.com\/translationandsecretarial\/","https:\/\/www.linkedin.com\/company\/35701923","https:\/\/g.page\/r\/CRO-zzErifTBEAE","https:\/\/www.esd.businessandtrade.gov.uk\/s4s\/CustomPage\/Index\/4?q=c46ccb95-0994-4cc4-9656-b1480109b78b","https:\/\/www.cheshireprofessionals.co.uk\/company\/translation-secretarial-services","https:\/\/www.ciol.org.uk\/member-check\/profile\/53532\/14314","https:\/\/www.ciol.org.uk\/translator\/profile\/53532\/36\/9565","https:\/\/directory.manchestereveningnews.co.uk\/company\/1530394279591936","https:\/\/www.yell.com\/biz\/translation-and-secretarial-services-northwich-9981908\/","https:\/\/www.proz.com\/translator\/113773","https:\/\/www.linkedin.com\/in\/julie-barber-certified-french-translator-uk-80107390\/","https:\/\/www.instagram.com\/officialtranslationsuk\/","https:\/\/www.instagram.com\/Certifiedfrenchtranslatoruk\/","https:\/\/www.facebook.com\/certifiedfrenchtranslatoruk\/","https:\/\/find-and-update.company-information.service.gov.uk\/company\/16017801","https:\/\/find-and-update.company-information.service.gov.uk\/company\/11375969"]}]}},"_links":{"self":[{"href":"https:\/\/ts-services.co.uk\/fr\/wp-json\/wp\/v2\/pages\/1274","targetHints":{"allow":["GET"]}}],"collection":[{"href":"https:\/\/ts-services.co.uk\/fr\/wp-json\/wp\/v2\/pages"}],"about":[{"href":"https:\/\/ts-services.co.uk\/fr\/wp-json\/wp\/v2\/types\/page"}],"author":[{"embeddable":true,"href":"https:\/\/ts-services.co.uk\/fr\/wp-json\/wp\/v2\/users\/3"}],"replies":[{"embeddable":true,"href":"https:\/\/ts-services.co.uk\/fr\/wp-json\/wp\/v2\/comments?post=1274"}],"version-history":[{"count":13,"href":"https:\/\/ts-services.co.uk\/fr\/wp-json\/wp\/v2\/pages\/1274\/revisions"}],"predecessor-version":[{"id":1700,"href":"https:\/\/ts-services.co.uk\/fr\/wp-json\/wp\/v2\/pages\/1274\/revisions\/1700"}],"wp:attachment":[{"href":"https:\/\/ts-services.co.uk\/fr\/wp-json\/wp\/v2\/media?parent=1274"}],"curies":[{"name":"wp","href":"https:\/\/api.w.org\/{rel}","templated":true}]}}