{"id":14,"date":"2019-01-10T23:35:31","date_gmt":"2019-01-10T23:35:31","guid":{"rendered":"http:\/\/www.ts-services.co.uk\/contact\/"},"modified":"2026-02-03T14:27:39","modified_gmt":"2026-02-03T14:27:39","slug":"contact-translation-services-cheshire","status":"publish","type":"page","link":"https:\/\/ts-services.co.uk\/fr\/contact-translation-services-cheshire\/","title":{"rendered":"Contact \/ obtenir un devis"},"content":{"rendered":"<p>Contactez Translation &amp; Secretarial Services d\u00e8s aujourd'hui pour vos projets professionnels ou priv\u00e9s.<\/p>\n<p><strong>T\u00e9l :<\/strong> +44 (0)7954 693 561<br \/>\n<strong>T\u00e9l :<\/strong> +44 (0)1606 631 857<br \/>\n<strong>Courriel :<\/strong>\u00a0info@ts-services.co.uk<br \/>\n<strong>Formulaire de contact :<\/strong>\u00a0voir ci-dessous.<\/p>\n<p>Translation &amp; Secretarial Service Ltd est une soci\u00e9t\u00e9 \u00e0 responsabilit\u00e9 limit\u00e9e enregistr\u00e9e \u00e0 la Companies House sous le num\u00e9ro 11375969. Son si\u00e8ge social est situ\u00e9 \u00e0 8 Rushton Close, Northwich, Cheshire, CW97HU, Royaume-Uni.<\/p>\n<p><strong>Choisissez la m\u00e9thode qui vous convient pour nous contacter :<\/strong><\/p>\n<p><img decoding=\"async\" class=\"emoji\" role=\"img\" draggable=\"false\" src=\"https:\/\/s.w.org\/images\/core\/emoji\/14.0.0\/svg\/2705.svg\" alt=\"\u2705\" \/> Utilisez le formulaire de contact ou envoyez-nous un email pour recevoir un devis enti\u00e8rement gratuit.<\/p>\n<p><img decoding=\"async\" class=\"emoji\" role=\"img\" draggable=\"false\" src=\"https:\/\/s.w.org\/images\/core\/emoji\/14.0.0\/svg\/2705.svg\" alt=\"\u2705\" \/> Utilisez le formulaire de contact ou envoyez-nous un email pour prendre rendez-vous \u00e0 l'heure qui vous convient.<\/p>\n<p><img decoding=\"async\" class=\"emoji\" role=\"img\" draggable=\"false\" src=\"https:\/\/s.w.org\/images\/core\/emoji\/14.0.0\/svg\/2705.svg\" alt=\"\u2705\" \/> Hello! Bonjour! Nous parlons fran\u00e7ais et anglais.<\/p>\n<p>Nous nous engageons \u00e0 d\u00e9finir rapidement vos besoins en mati\u00e8re de traduction et de secr\u00e9tariat.<\/p>\n<p>&nbsp;<\/p>\n<p><img loading=\"lazy\" decoding=\"async\" class=\"alignnone wp-image-1176\" src=\"http:\/\/ts-services.co.uk\/wp-content\/uploads\/2023\/09\/iStock-1274394138-1024x534.jpg\" alt=\"\" width=\"754\" height=\"393\" srcset=\"https:\/\/ts-services.co.uk\/wp-content\/uploads\/2023\/09\/iStock-1274394138-1024x534.jpg 1024w, https:\/\/ts-services.co.uk\/wp-content\/uploads\/2023\/09\/iStock-1274394138-300x156.jpg 300w, https:\/\/ts-services.co.uk\/wp-content\/uploads\/2023\/09\/iStock-1274394138-768x400.jpg 768w, https:\/\/ts-services.co.uk\/wp-content\/uploads\/2023\/09\/iStock-1274394138-1536x800.jpg 1536w, https:\/\/ts-services.co.uk\/wp-content\/uploads\/2023\/09\/iStock-1274394138-2048x1067.jpg 2048w, https:\/\/ts-services.co.uk\/wp-content\/uploads\/2023\/09\/iStock-1274394138-18x9.jpg 18w\" sizes=\"auto, (max-width: 754px) 100vw, 754px\" \/><\/p>\n<p><em> Traductions certifi\u00e9es et services de secr\u00e9tariat<\/em><\/p>\n<p class=\" translation-block\">Nous sommes sp\u00e9cialis\u00e9s dans les traductions du fran\u00e7ais vers l\u2019anglais et de l\u2019anglais vers le fran\u00e7ais, mais nous prenons aussi en charge d\u2019autres combinaisons linguistiques. \n\nVous cherchez une langue en particulier ? Nous aimons particuli\u00e8rement l'espagnol, l'italien, le portugais, le roumain, le polonais, l'allemand, le tch\u00e8que, le slovaque, le hongrois, le croate, le serbe, le bosniaque, l'albanais, le bulgare, le danois, le norv\u00e9gien, le su\u00e9dois, le finnois, le russe, le turc et le grec ! Vous cherchez autre chose ? N'h\u00e9sitez pas \u00e0 nous demander la combinaison de langues que vous souhaitez !<\/p>\n<p class=\" translation-block\"><strong>Service personnalis\u00e9<\/strong><br>\nTranslation &amp; Secretarial Services Ltd offre un service client personnalis\u00e9 de haute qualit\u00e9 \u00e0 tous ses clients. Nous attendons avec impatience votre prise de contact.<\/p>","protected":false},"excerpt":{"rendered":"<p>Contact Translation &amp; Secretarial Services Ltd today to bring your professional and personal projects to life. Tel: +44 (0)7954 693 561 Tel: +44 (0)1606 631 857 Email:\u00a0info@ts-services.co.uk Contact form:\u00a0please see below. Translation &amp; Secretarial Service Ltd is a limited company registered at Companies House under number 11375969. Its registered office is located at 8 Rushton&hellip;<\/p>","protected":false},"author":1,"featured_media":0,"parent":0,"menu_order":14,"comment_status":"closed","ping_status":"closed","template":"","meta":{"_acf_changed":false,"footnotes":""},"class_list":["post-14","page","type-page","status-publish","hentry"],"acf":[],"yoast_head":"<!-- This site is optimized with the Yoast SEO plugin v26.6 - https:\/\/yoast.com\/wordpress\/plugins\/seo\/ -->\n<title>Certified Translations | French To English | &amp; European Languages<\/title>\n<meta name=\"description\" content=\"Speak with our team today for efficient and reliable translation services. Whether for legal or business needs, we offer quick support tailored to your requirements.\" \/>\n<meta name=\"robots\" content=\"index, follow, max-snippet:-1, max-image-preview:large, max-video-preview:-1\" \/>\n<link rel=\"canonical\" href=\"https:\/\/ts-services.co.uk\/fr\/contact-translation-services-cheshire\/\" \/>\n<meta property=\"og:locale\" content=\"fr_FR\" \/>\n<meta property=\"og:type\" content=\"article\" \/>\n<meta property=\"og:title\" content=\"Certified Translations | French To English | &amp; European Languages\" \/>\n<meta property=\"og:description\" content=\"Speak with our team today for efficient and reliable translation services. Whether for legal or business needs, we offer quick support tailored to your requirements.\" \/>\n<meta property=\"og:url\" content=\"https:\/\/ts-services.co.uk\/fr\/contact-translation-services-cheshire\/\" \/>\n<meta property=\"og:site_name\" content=\"T&amp;S Services\" \/>\n<meta property=\"article:publisher\" content=\"https:\/\/www.facebook.com\/translationandsecretarial\/\" \/>\n<meta property=\"article:modified_time\" content=\"2026-02-03T14:27:39+00:00\" \/>\n<meta property=\"og:image\" content=\"https:\/\/s.w.org\/images\/core\/emoji\/14.0.0\/svg\/2705.svg\" \/>\n<meta name=\"twitter:card\" content=\"summary_large_image\" \/>\n<meta name=\"twitter:label1\" content=\"Dur\u00e9e de lecture estim\u00e9e\" \/>\n\t<meta name=\"twitter:data1\" content=\"2 minutes\" \/>\n<script type=\"application\/ld+json\" class=\"yoast-schema-graph\">{\"@context\":\"https:\/\/schema.org\",\"@graph\":[{\"@type\":\"WebPage\",\"@id\":\"https:\/\/ts-services.co.uk\/contact-translation-services-cheshire\/\",\"url\":\"https:\/\/ts-services.co.uk\/contact-translation-services-cheshire\/\",\"name\":\"Certified Translations | French To English | & European Languages\",\"isPartOf\":{\"@id\":\"https:\/\/ts-services.co.uk\/#website\"},\"primaryImageOfPage\":{\"@id\":\"https:\/\/ts-services.co.uk\/contact-translation-services-cheshire\/#primaryimage\"},\"image\":{\"@id\":\"https:\/\/ts-services.co.uk\/contact-translation-services-cheshire\/#primaryimage\"},\"thumbnailUrl\":\"https:\/\/s.w.org\/images\/core\/emoji\/14.0.0\/svg\/2705.svg\",\"datePublished\":\"2019-01-10T23:35:31+00:00\",\"dateModified\":\"2026-02-03T14:27:39+00:00\",\"description\":\"Speak with our team today for efficient and reliable translation services. Whether for legal or business needs, we offer quick support tailored to your requirements.\",\"breadcrumb\":{\"@id\":\"https:\/\/ts-services.co.uk\/contact-translation-services-cheshire\/#breadcrumb\"},\"inLanguage\":\"fr-FR\",\"potentialAction\":[{\"@type\":\"ReadAction\",\"target\":[\"https:\/\/ts-services.co.uk\/contact-translation-services-cheshire\/\"]}]},{\"@type\":\"ImageObject\",\"inLanguage\":\"fr-FR\",\"@id\":\"https:\/\/ts-services.co.uk\/contact-translation-services-cheshire\/#primaryimage\",\"url\":\"https:\/\/s.w.org\/images\/core\/emoji\/14.0.0\/svg\/2705.svg\",\"contentUrl\":\"https:\/\/s.w.org\/images\/core\/emoji\/14.0.0\/svg\/2705.svg\"},{\"@type\":\"BreadcrumbList\",\"@id\":\"https:\/\/ts-services.co.uk\/contact-translation-services-cheshire\/#breadcrumb\",\"itemListElement\":[{\"@type\":\"ListItem\",\"position\":1,\"name\":\"Home\",\"item\":\"https:\/\/ts-services.co.uk\/\"},{\"@type\":\"ListItem\",\"position\":2,\"name\":\"Contact\/Get a quote\"}]},{\"@type\":\"WebSite\",\"@id\":\"https:\/\/ts-services.co.uk\/#website\",\"url\":\"https:\/\/ts-services.co.uk\/\",\"name\":\"Certified Translation & Secretarial Services\",\"description\":\"Professional French English Translation &amp; Secretarial Services\",\"publisher\":{\"@id\":\"https:\/\/ts-services.co.uk\/#organization\"},\"potentialAction\":[{\"@type\":\"SearchAction\",\"target\":{\"@type\":\"EntryPoint\",\"urlTemplate\":\"https:\/\/ts-services.co.uk\/?s={search_term_string}\"},\"query-input\":{\"@type\":\"PropertyValueSpecification\",\"valueRequired\":true,\"valueName\":\"search_term_string\"}}],\"inLanguage\":\"fr-FR\"},{\"@type\":\"Organization\",\"@id\":\"https:\/\/ts-services.co.uk\/#organization\",\"name\":\"Translation & Secretarial Services\",\"alternateName\":\"T&S Services\",\"url\":\"https:\/\/ts-services.co.uk\/\",\"logo\":{\"@type\":\"ImageObject\",\"inLanguage\":\"fr-FR\",\"@id\":\"https:\/\/ts-services.co.uk\/#\/schema\/logo\/image\/\",\"url\":\"https:\/\/ts-services.co.uk\/wp-content\/uploads\/2024\/10\/Certified-Translation-Secretarial-Services-logo-2.png\",\"contentUrl\":\"https:\/\/ts-services.co.uk\/wp-content\/uploads\/2024\/10\/Certified-Translation-Secretarial-Services-logo-2.png\",\"width\":512,\"height\":512,\"caption\":\"Translation & Secretarial Services\"},\"image\":{\"@id\":\"https:\/\/ts-services.co.uk\/#\/schema\/logo\/image\/\"},\"sameAs\":[\"https:\/\/www.facebook.com\/translationandsecretarial\/\",\"https:\/\/www.linkedin.com\/company\/35701923\",\"https:\/\/g.page\/r\/CRO-zzErifTBEAE\",\"https:\/\/www.esd.businessandtrade.gov.uk\/s4s\/CustomPage\/Index\/4?q=c46ccb95-0994-4cc4-9656-b1480109b78b\",\"https:\/\/www.cheshireprofessionals.co.uk\/company\/translation-secretarial-services\",\"https:\/\/www.ciol.org.uk\/member-check\/profile\/53532\/14314\",\"https:\/\/www.ciol.org.uk\/translator\/profile\/53532\/36\/9565\",\"https:\/\/directory.manchestereveningnews.co.uk\/company\/1530394279591936\",\"https:\/\/www.yell.com\/biz\/translation-and-secretarial-services-northwich-9981908\/\",\"https:\/\/www.proz.com\/translator\/113773\",\"https:\/\/www.linkedin.com\/in\/julie-barber-certified-french-translator-uk-80107390\/\",\"https:\/\/www.instagram.com\/officialtranslationsuk\/\",\"https:\/\/www.instagram.com\/Certifiedfrenchtranslatoruk\/\",\"https:\/\/www.facebook.com\/certifiedfrenchtranslatoruk\/\",\"https:\/\/find-and-update.company-information.service.gov.uk\/company\/16017801\",\"https:\/\/find-and-update.company-information.service.gov.uk\/company\/11375969\"]}]}<\/script>\n<!-- \/ Yoast SEO plugin. -->","yoast_head_json":{"title":"Certified Translations | French To English | & European Languages","description":"Speak with our team today for efficient and reliable translation services. Whether for legal or business needs, we offer quick support tailored to your requirements.","robots":{"index":"index","follow":"follow","max-snippet":"max-snippet:-1","max-image-preview":"max-image-preview:large","max-video-preview":"max-video-preview:-1"},"canonical":"https:\/\/ts-services.co.uk\/fr\/contact-translation-services-cheshire\/","og_locale":"fr_FR","og_type":"article","og_title":"Certified Translations | French To English | & European Languages","og_description":"Speak with our team today for efficient and reliable translation services. Whether for legal or business needs, we offer quick support tailored to your requirements.","og_url":"https:\/\/ts-services.co.uk\/fr\/contact-translation-services-cheshire\/","og_site_name":"T&amp;S Services","article_publisher":"https:\/\/www.facebook.com\/translationandsecretarial\/","article_modified_time":"2026-02-03T14:27:39+00:00","og_image":[{"url":"https:\/\/s.w.org\/images\/core\/emoji\/14.0.0\/svg\/2705.svg","type":"","width":"","height":""}],"twitter_card":"summary_large_image","twitter_misc":{"Dur\u00e9e de lecture estim\u00e9e":"2 minutes"},"schema":{"@context":"https:\/\/schema.org","@graph":[{"@type":"WebPage","@id":"https:\/\/ts-services.co.uk\/contact-translation-services-cheshire\/","url":"https:\/\/ts-services.co.uk\/contact-translation-services-cheshire\/","name":"Certified Translations | French To English | & European Languages","isPartOf":{"@id":"https:\/\/ts-services.co.uk\/#website"},"primaryImageOfPage":{"@id":"https:\/\/ts-services.co.uk\/contact-translation-services-cheshire\/#primaryimage"},"image":{"@id":"https:\/\/ts-services.co.uk\/contact-translation-services-cheshire\/#primaryimage"},"thumbnailUrl":"https:\/\/s.w.org\/images\/core\/emoji\/14.0.0\/svg\/2705.svg","datePublished":"2019-01-10T23:35:31+00:00","dateModified":"2026-02-03T14:27:39+00:00","description":"Speak with our team today for efficient and reliable translation services. Whether for legal or business needs, we offer quick support tailored to your requirements.","breadcrumb":{"@id":"https:\/\/ts-services.co.uk\/contact-translation-services-cheshire\/#breadcrumb"},"inLanguage":"fr-FR","potentialAction":[{"@type":"ReadAction","target":["https:\/\/ts-services.co.uk\/contact-translation-services-cheshire\/"]}]},{"@type":"ImageObject","inLanguage":"fr-FR","@id":"https:\/\/ts-services.co.uk\/contact-translation-services-cheshire\/#primaryimage","url":"https:\/\/s.w.org\/images\/core\/emoji\/14.0.0\/svg\/2705.svg","contentUrl":"https:\/\/s.w.org\/images\/core\/emoji\/14.0.0\/svg\/2705.svg"},{"@type":"BreadcrumbList","@id":"https:\/\/ts-services.co.uk\/contact-translation-services-cheshire\/#breadcrumb","itemListElement":[{"@type":"ListItem","position":1,"name":"Home","item":"https:\/\/ts-services.co.uk\/"},{"@type":"ListItem","position":2,"name":"Contact\/Get a quote"}]},{"@type":"WebSite","@id":"https:\/\/ts-services.co.uk\/#website","url":"https:\/\/ts-services.co.uk\/","name":"Traductions certifi\u00e9es et services de secr\u00e9tariat","description":"Professional French English Translation &amp; Secretarial Services","publisher":{"@id":"https:\/\/ts-services.co.uk\/#organization"},"potentialAction":[{"@type":"SearchAction","target":{"@type":"EntryPoint","urlTemplate":"https:\/\/ts-services.co.uk\/?s={search_term_string}"},"query-input":{"@type":"PropertyValueSpecification","valueRequired":true,"valueName":"search_term_string"}}],"inLanguage":"fr-FR"},{"@type":"Organization","@id":"https:\/\/ts-services.co.uk\/#organization","name":"Translation & Secretarial Services","alternateName":"T&S Services","url":"https:\/\/ts-services.co.uk\/","logo":{"@type":"ImageObject","inLanguage":"fr-FR","@id":"https:\/\/ts-services.co.uk\/#\/schema\/logo\/image\/","url":"https:\/\/ts-services.co.uk\/wp-content\/uploads\/2024\/10\/Certified-Translation-Secretarial-Services-logo-2.png","contentUrl":"https:\/\/ts-services.co.uk\/wp-content\/uploads\/2024\/10\/Certified-Translation-Secretarial-Services-logo-2.png","width":512,"height":512,"caption":"Translation & Secretarial Services"},"image":{"@id":"https:\/\/ts-services.co.uk\/#\/schema\/logo\/image\/"},"sameAs":["https:\/\/www.facebook.com\/translationandsecretarial\/","https:\/\/www.linkedin.com\/company\/35701923","https:\/\/g.page\/r\/CRO-zzErifTBEAE","https:\/\/www.esd.businessandtrade.gov.uk\/s4s\/CustomPage\/Index\/4?q=c46ccb95-0994-4cc4-9656-b1480109b78b","https:\/\/www.cheshireprofessionals.co.uk\/company\/translation-secretarial-services","https:\/\/www.ciol.org.uk\/member-check\/profile\/53532\/14314","https:\/\/www.ciol.org.uk\/translator\/profile\/53532\/36\/9565","https:\/\/directory.manchestereveningnews.co.uk\/company\/1530394279591936","https:\/\/www.yell.com\/biz\/translation-and-secretarial-services-northwich-9981908\/","https:\/\/www.proz.com\/translator\/113773","https:\/\/www.linkedin.com\/in\/julie-barber-certified-french-translator-uk-80107390\/","https:\/\/www.instagram.com\/officialtranslationsuk\/","https:\/\/www.instagram.com\/Certifiedfrenchtranslatoruk\/","https:\/\/www.facebook.com\/certifiedfrenchtranslatoruk\/","https:\/\/find-and-update.company-information.service.gov.uk\/company\/16017801","https:\/\/find-and-update.company-information.service.gov.uk\/company\/11375969"]}]}},"_links":{"self":[{"href":"https:\/\/ts-services.co.uk\/fr\/wp-json\/wp\/v2\/pages\/14","targetHints":{"allow":["GET"]}}],"collection":[{"href":"https:\/\/ts-services.co.uk\/fr\/wp-json\/wp\/v2\/pages"}],"about":[{"href":"https:\/\/ts-services.co.uk\/fr\/wp-json\/wp\/v2\/types\/page"}],"author":[{"embeddable":true,"href":"https:\/\/ts-services.co.uk\/fr\/wp-json\/wp\/v2\/users\/1"}],"replies":[{"embeddable":true,"href":"https:\/\/ts-services.co.uk\/fr\/wp-json\/wp\/v2\/comments?post=14"}],"version-history":[{"count":45,"href":"https:\/\/ts-services.co.uk\/fr\/wp-json\/wp\/v2\/pages\/14\/revisions"}],"predecessor-version":[{"id":1976,"href":"https:\/\/ts-services.co.uk\/fr\/wp-json\/wp\/v2\/pages\/14\/revisions\/1976"}],"wp:attachment":[{"href":"https:\/\/ts-services.co.uk\/fr\/wp-json\/wp\/v2\/media?parent=14"}],"curies":[{"name":"wp","href":"https:\/\/api.w.org\/{rel}","templated":true}]}}